{"id":124,"date":"2023-10-01T01:03:29","date_gmt":"2023-10-01T01:03:29","guid":{"rendered":"https:\/\/colectivanormal.com\/?page_id=124"},"modified":"2023-10-06T04:11:32","modified_gmt":"2023-10-06T04:11:32","slug":"manguare-podcast","status":"publish","type":"page","link":"https:\/\/colectivanormal.com\/es\/manguare-podcast\/","title":{"rendered":"MANGUAR\u00c9 PODCAST"},"content":{"rendered":"<div data-elementor-type=\"wp-page\" data-elementor-id=\"124\" class=\"elementor elementor-124\" data-elementor-post-type=\"page\">\n\t\t\t\t<div class=\"elementor-element elementor-element-4d627cfe e-con-full e-flex e-con e-parent\" data-id=\"4d627cfe\" data-element_type=\"container\">\n\t\t<div class=\"elementor-element elementor-element-47e55105 e-flex e-con-boxed e-con e-child\" data-id=\"47e55105\" data-element_type=\"container\" data-settings=\"{&quot;background_background&quot;:&quot;classic&quot;}\">\n\t\t\t\t\t<div class=\"e-con-inner\">\n\t\t\t\t\t<\/div>\n\t\t\t\t<\/div>\n\t\t<div class=\"elementor-element elementor-element-63957697 e-flex e-con-boxed e-con e-child\" data-id=\"63957697\" data-element_type=\"container\">\n\t\t\t\t\t<div class=\"e-con-inner\">\n\t\t\t\t<div class=\"elementor-element elementor-element-7729ada1 elementor-widget elementor-widget-heading\" data-id=\"7729ada1\" data-element_type=\"widget\" data-widget_type=\"heading.default\">\n\t\t\t\t<div class=\"elementor-widget-container\">\n\t\t\t\t\t<h2 class=\"elementor-heading-title elementor-size-default\">Manguar\u00e9 Podcast<\/h2>\t\t\t\t<\/div>\n\t\t\t\t<\/div>\n\t\t\t\t<div class=\"elementor-element elementor-element-41557e35 elementor-widget elementor-widget-text-editor\" data-id=\"41557e35\" data-element_type=\"widget\" data-widget_type=\"text-editor.default\">\n\t\t\t\t<div class=\"elementor-widget-container\">\n\t\t\t\t\t\t\t\t\t<p>This project, narrated by the indigenous people themselves, was based on the research of the Asociaci\u00f3n Zonal Ind\u00edgena de Cabildos y Autoridades Tradicionales de la Chorrera\u2014 AZICATCH\u2014 on the slavery and extermination that their ancestors experienced.<\/p><p>The project received a digital-podcast sound production grant from the Colombian Ministry of Culture in 2021.<\/p>\t\t\t\t\t\t\t\t<\/div>\n\t\t\t\t<\/div>\n\t\t\t\t<div class=\"elementor-element elementor-element-456d7a49 elementor-widget-divider--view-line elementor-widget elementor-widget-divider\" data-id=\"456d7a49\" data-element_type=\"widget\" data-widget_type=\"divider.default\">\n\t\t\t\t<div class=\"elementor-widget-container\">\n\t\t\t\t\t\t\t<div class=\"elementor-divider\">\n\t\t\t<span class=\"elementor-divider-separator\">\n\t\t\t\t\t\t<\/span>\n\t\t<\/div>\n\t\t\t\t\t\t<\/div>\n\t\t\t\t<\/div>\n\t\t\t\t\t<\/div>\n\t\t\t\t<\/div>\n\t\t<div class=\"elementor-element elementor-element-5dbc65da e-flex e-con-boxed e-con e-child\" data-id=\"5dbc65da\" data-element_type=\"container\">\n\t\t\t\t\t<div class=\"e-con-inner\">\n\t\t<div class=\"elementor-element elementor-element-73265780 e-con-full e-flex e-con e-child\" data-id=\"73265780\" data-element_type=\"container\">\n\t\t<div class=\"elementor-element elementor-element-4cf8eeca e-con-full e-flex e-con e-child\" data-id=\"4cf8eeca\" data-element_type=\"container\" data-settings=\"{&quot;background_background&quot;:&quot;classic&quot;}\">\n\t\t\t\t<\/div>\n\t\t<div class=\"elementor-element elementor-element-15d3cd20 e-con-full e-flex e-con e-child\" data-id=\"15d3cd20\" data-element_type=\"container\">\n\t\t\t\t<div class=\"elementor-element elementor-element-59359444 elementor-widget elementor-widget-heading\" data-id=\"59359444\" data-element_type=\"widget\" data-widget_type=\"heading.default\">\n\t\t\t\t<div class=\"elementor-widget-container\">\n\t\t\t\t\t<h2 class=\"elementor-heading-title elementor-size-default\">\u00a1Suena el Manguar\u00e9!<\/h2>\t\t\t\t<\/div>\n\t\t\t\t<\/div>\n\t\t\t\t<div class=\"elementor-element elementor-element-1f717f1d elementor-widget elementor-widget-text-editor\" data-id=\"1f717f1d\" data-element_type=\"widget\" data-widget_type=\"text-editor.default\">\n\t\t\t\t<div class=\"elementor-widget-container\">\n\t\t\t\t\t\t\t\t\t<p><a href=\"https:\/\/manguare.red\/podcast\/\" target=\"_blank\" rel=\"noopener\">www.manguare.red\/podcast\/<\/a><\/p>\t\t\t\t\t\t\t\t<\/div>\n\t\t\t\t<\/div>\n\t\t\t\t<div class=\"elementor-element elementor-element-527af1b0 elementor-widget elementor-widget-text-editor\" data-id=\"527af1b0\" data-element_type=\"widget\" data-widget_type=\"text-editor.default\">\n\t\t\t\t<div class=\"elementor-widget-container\">\n\t\t\t\t\t\t\t\t\t<p>Manguar\u00e9 Podcast represents the union of two worlds, that of the Amazonian indigenous peoples and that of digital sound. This six-part sound series tells the indigenous side of a story that has inspired novels and films: the rubber holocaust at the beginning of the 20th century.<\/p>\t\t\t\t\t\t\t\t<\/div>\n\t\t\t\t<\/div>\n\t\t\t\t<\/div>\n\t\t\t\t<\/div>\n\t\t<div class=\"elementor-element elementor-element-2610fb6e e-con-full e-flex e-con e-child\" data-id=\"2610fb6e\" data-element_type=\"container\">\n\t\t\t\t<div class=\"elementor-element elementor-element-5f7ad7fa e-grid-align-right elementor-widget__width-auto elementor-shape-rounded elementor-grid-0 elementor-widget elementor-widget-social-icons\" data-id=\"5f7ad7fa\" data-element_type=\"widget\" data-widget_type=\"social-icons.default\">\n\t\t\t\t<div class=\"elementor-widget-container\">\n\t\t\t\t\t\t\t<div class=\"elementor-social-icons-wrapper elementor-grid\">\n\t\t\t\t\t\t\t<span class=\"elementor-grid-item\">\n\t\t\t\t\t<a class=\"elementor-icon elementor-social-icon elementor-social-icon- elementor-repeater-item-44c0fd8\" href=\"https:\/\/manguare.red\/podcast\/\" target=\"_blank\">\n\t\t\t\t\t\t<span class=\"elementor-screen-only\"><\/span>\n\t\t\t\t\t\t<svg xmlns=\"http:\/\/www.w3.org\/2000\/svg\" id=\"uuid-b58e5602-e937-4e86-989c-bbf4400ff94a\" viewbox=\"0 0 40.8105 18.7354\"><defs><style>.uuid-a531577f-a104-4534-8907-54b4c4ba433e{stroke-width:0px;}<\/style><\/defs><path class=\"uuid-a531577f-a104-4534-8907-54b4c4ba433e\" d=\"m13.4033,5.6084h1.834l-2.4316,8.6367h-1.7227l-1.043-5.0508-.3047-1.6699-.3047,1.6699-1.043,5.0508h-1.6758l-2.4492-8.6367h1.916l1.1426,4.9453.2461,1.377.252-1.3477.9727-4.9746h1.9043l1.0254,4.9453.2637,1.377.2637-1.3242,1.1543-4.998Z\"><\/path><path class=\"uuid-a531577f-a104-4534-8907-54b4c4ba433e\" d=\"m24.8496,5.6084h1.834l-2.4316,8.6367h-1.7227l-1.043-5.0508-.3047-1.6699-.3047,1.6699-1.043,5.0508h-1.6758l-2.4492-8.6367h1.916l1.1426,4.9453.2461,1.377.252-1.3477.9727-4.9746h1.9043l1.0254,4.9453.2637,1.377.2637-1.3242,1.1543-4.998Z\"><\/path><path class=\"uuid-a531577f-a104-4534-8907-54b4c4ba433e\" d=\"m36.2959,5.6084h1.834l-2.4316,8.6367h-1.7227l-1.043-5.0508-.3047-1.6699-.3047,1.6699-1.043,5.0508h-1.6758l-2.4492-8.6367h1.916l1.1426,4.9453.2461,1.377.252-1.3477.9727-4.9746h1.9043l1.0254,4.9453.2637,1.377.2637-1.3242,1.1543-4.998Z\"><\/path><polygon class=\"uuid-a531577f-a104-4534-8907-54b4c4ba433e\" points=\"40.8105 18.7354 0 18.7354 0 0 32.5718 0 32.5718 1 1 1 1 17.7354 39.8105 17.7354 39.8105 11.542 40.8105 11.542 40.8105 18.7354\"><\/polygon><\/svg>\t\t\t\t\t<\/a>\n\t\t\t\t<\/span>\n\t\t\t\t\t<\/div>\n\t\t\t\t\t\t<\/div>\n\t\t\t\t<\/div>\n\t\t\t\t<div class=\"elementor-element elementor-element-6465c1b5 e-grid-align-right elementor-widget__width-auto elementor-shape-rounded elementor-grid-0 elementor-widget elementor-widget-social-icons\" data-id=\"6465c1b5\" data-element_type=\"widget\" data-widget_type=\"social-icons.default\">\n\t\t\t\t<div class=\"elementor-widget-container\">\n\t\t\t\t\t\t\t<div class=\"elementor-social-icons-wrapper elementor-grid\">\n\t\t\t\t\t\t\t<span class=\"elementor-grid-item\">\n\t\t\t\t\t<a class=\"elementor-icon elementor-social-icon elementor-social-icon-spotify elementor-repeater-item-ad473b5\" href=\"https:\/\/open.spotify.com\/show\/3nhZkiwB0Jj9ZavpwDsfFf\" target=\"_blank\">\n\t\t\t\t\t\t<span class=\"elementor-screen-only\">Spotify<\/span>\n\t\t\t\t\t\t<i class=\"fab fa-spotify\"><\/i>\t\t\t\t\t<\/a>\n\t\t\t\t<\/span>\n\t\t\t\t\t\t\t<span class=\"elementor-grid-item\">\n\t\t\t\t\t<a class=\"elementor-icon elementor-social-icon elementor-social-icon-soundcloud elementor-repeater-item-ddc12b0\" href=\"https:\/\/soundcloud.com\/manguare-podcast\" target=\"_blank\">\n\t\t\t\t\t\t<span class=\"elementor-screen-only\">Soundcloud<\/span>\n\t\t\t\t\t\t<i class=\"fab fa-soundcloud\"><\/i>\t\t\t\t\t<\/a>\n\t\t\t\t<\/span>\n\t\t\t\t\t<\/div>\n\t\t\t\t\t\t<\/div>\n\t\t\t\t<\/div>\n\t\t\t\t<\/div>\n\t\t<div class=\"elementor-element elementor-element-5f580538 e-con-full e-flex e-con e-child\" data-id=\"5f580538\" data-element_type=\"container\">\n\t\t\t\t<div class=\"elementor-element elementor-element-676e19dc elementor-widget elementor-widget-audio\" data-id=\"676e19dc\" data-element_type=\"widget\" data-widget_type=\"audio.default\">\n\t\t\t\t<div class=\"elementor-widget-container\">\n\t\t\t\t\t\t\t\t<div class=\"elementor-soundcloud-wrapper\">\n\t\t\t\t<iframe width=\"800\" height=\"200\" frameborder=\"no\" src=\"https:\/\/w.soundcloud.com\/player\/?visual=false&#038;url=https%3A%2F%2Fapi.soundcloud.com%2Ftracks%2F1433968309&#038;show_artwork=false&#038;maxheight=1000&#038;maxwidth=800&#038;auto_play=false&#038;buying=false&#038;liking=false&#038;download=false&#038;sharing=false&#038;show_comments=false&#038;show_playcount=false&#038;show_user=false&#038;color\"><\/iframe>\t\t\t<\/div>\n\t\t\t\t\t\t\t<\/div>\n\t\t\t\t<\/div>\n\t\t\t\t<\/div>\n\t\t\t\t\t<\/div>\n\t\t\t\t<\/div>\n\t\t\t\t<\/div>\n\t\t\t\t<\/div>","protected":false},"excerpt":{"rendered":"<p>Manguar\u00e9 Podcast This project, narrated by the indigenous people themselves, was based on the research of the Asociaci\u00f3n Zonal Ind\u00edgena de Cabildos y Autoridades Tradicionales de la Chorrera\u2014 AZICATCH\u2014 on the slavery and extermination that their ancestors experienced. The project received a digital-podcast sound production grant from the Colombian Ministry of Culture in 2021. \u00a1Suena [&hellip;]<\/p>","protected":false},"author":1,"featured_media":0,"parent":0,"menu_order":0,"comment_status":"closed","ping_status":"closed","template":"","meta":{"footnotes":""},"class_list":["post-124","page","type-page","status-publish","hentry"],"_links":{"self":[{"href":"https:\/\/colectivanormal.com\/es\/wp-json\/wp\/v2\/pages\/124","targetHints":{"allow":["GET"]}}],"collection":[{"href":"https:\/\/colectivanormal.com\/es\/wp-json\/wp\/v2\/pages"}],"about":[{"href":"https:\/\/colectivanormal.com\/es\/wp-json\/wp\/v2\/types\/page"}],"author":[{"embeddable":true,"href":"https:\/\/colectivanormal.com\/es\/wp-json\/wp\/v2\/users\/1"}],"replies":[{"embeddable":true,"href":"https:\/\/colectivanormal.com\/es\/wp-json\/wp\/v2\/comments?post=124"}],"version-history":[{"count":25,"href":"https:\/\/colectivanormal.com\/es\/wp-json\/wp\/v2\/pages\/124\/revisions"}],"predecessor-version":[{"id":1515,"href":"https:\/\/colectivanormal.com\/es\/wp-json\/wp\/v2\/pages\/124\/revisions\/1515"}],"wp:attachment":[{"href":"https:\/\/colectivanormal.com\/es\/wp-json\/wp\/v2\/media?parent=124"}],"curies":[{"name":"wp","href":"https:\/\/api.w.org\/{rel}","templated":true}]}}