{"id":122,"date":"2023-10-01T01:02:47","date_gmt":"2023-10-01T01:02:47","guid":{"rendered":"https:\/\/colectivanormal.com\/?page_id=122"},"modified":"2023-10-06T04:00:45","modified_gmt":"2023-10-06T04:00:45","slug":"el-carano-podcast","status":"publish","type":"page","link":"https:\/\/colectivanormal.com\/es\/el-carano-podcast\/","title":{"rendered":"EL CARA\u00d1O PODCAST"},"content":{"rendered":"<div data-elementor-type=\"wp-page\" data-elementor-id=\"122\" class=\"elementor elementor-122\" data-elementor-post-type=\"page\">\n\t\t\t\t<div class=\"elementor-element elementor-element-2959d8eb e-con-full e-flex e-con e-parent\" data-id=\"2959d8eb\" data-element_type=\"container\">\n\t\t<div class=\"elementor-element elementor-element-687f76f e-flex e-con-boxed e-con e-child\" data-id=\"687f76f\" data-element_type=\"container\" data-settings=\"{&quot;background_background&quot;:&quot;classic&quot;}\">\n\t\t\t\t\t<div class=\"e-con-inner\">\n\t\t\t\t\t<\/div>\n\t\t\t\t<\/div>\n\t\t<div class=\"elementor-element elementor-element-266311cc e-flex e-con-boxed e-con e-child\" data-id=\"266311cc\" data-element_type=\"container\">\n\t\t\t\t\t<div class=\"e-con-inner\">\n\t\t\t\t<div class=\"elementor-element elementor-element-143c99e1 elementor-widget elementor-widget-heading\" data-id=\"143c99e1\" data-element_type=\"widget\" data-widget_type=\"heading.default\">\n\t\t\t\t<div class=\"elementor-widget-container\">\n\t\t\t\t\t<h2 class=\"elementor-heading-title elementor-size-default\">Podcast EL CARA\u00d1O<\/h2>\t\t\t\t<\/div>\n\t\t\t\t<\/div>\n\t\t\t\t<div class=\"elementor-element elementor-element-34bbb40a elementor-widget elementor-widget-text-editor\" data-id=\"34bbb40a\" data-element_type=\"widget\" data-widget_type=\"text-editor.default\">\n\t\t\t\t<div class=\"elementor-widget-container\">\n\t\t\t\t\t\t\t\t\t<p>is the result of a co-creation process between colectiva normal and Agrom\u00e1ticos de la Manigua. It became a reality thanks to a digital-podcast sound production grant from the Colombian Ministry of Culture in 2020.<\/p><p>We also had the technical and logistical support of the University of the Amazonia, in Florencia-Caquet\u00e1, with soundscapes from el Cara\u00f1o that are part of the Voz Terra project and with some photographs courtesy of the Caquet\u00e1 Museum.<\/p>\t\t\t\t\t\t\t\t<\/div>\n\t\t\t\t<\/div>\n\t\t\t\t<div class=\"elementor-element elementor-element-40f485cc elementor-widget-divider--view-line elementor-widget elementor-widget-divider\" data-id=\"40f485cc\" data-element_type=\"widget\" data-widget_type=\"divider.default\">\n\t\t\t\t<div class=\"elementor-widget-container\">\n\t\t\t\t\t\t\t<div class=\"elementor-divider\">\n\t\t\t<span class=\"elementor-divider-separator\">\n\t\t\t\t\t\t<\/span>\n\t\t<\/div>\n\t\t\t\t\t\t<\/div>\n\t\t\t\t<\/div>\n\t\t\t\t\t<\/div>\n\t\t\t\t<\/div>\n\t\t<div class=\"elementor-element elementor-element-63451078 e-flex e-con-boxed e-con e-child\" data-id=\"63451078\" data-element_type=\"container\">\n\t\t\t\t\t<div class=\"e-con-inner\">\n\t\t<div class=\"elementor-element elementor-element-7c518f32 e-con-full e-flex e-con e-child\" data-id=\"7c518f32\" data-element_type=\"container\">\n\t\t<div class=\"elementor-element elementor-element-73d11c5d e-con-full e-flex e-con e-child\" data-id=\"73d11c5d\" data-element_type=\"container\" data-settings=\"{&quot;background_background&quot;:&quot;classic&quot;}\">\n\t\t\t\t<\/div>\n\t\t<div class=\"elementor-element elementor-element-682250ec e-con-full e-flex e-con e-child\" data-id=\"682250ec\" data-element_type=\"container\">\n\t\t\t\t<div class=\"elementor-element elementor-element-7125de6b elementor-widget elementor-widget-heading\" data-id=\"7125de6b\" data-element_type=\"widget\" data-widget_type=\"heading.default\">\n\t\t\t\t<div class=\"elementor-widget-container\">\n\t\t\t\t\t<h2 class=\"elementor-heading-title elementor-size-default\">TRailer<\/h2>\t\t\t\t<\/div>\n\t\t\t\t<\/div>\n\t\t\t\t<div class=\"elementor-element elementor-element-44ede650 elementor-widget elementor-widget-text-editor\" data-id=\"44ede650\" data-element_type=\"widget\" data-widget_type=\"text-editor.default\">\n\t\t\t\t<div class=\"elementor-widget-container\">\n\t\t\t\t\t\t\t\t\t<p><a href=\"https:\/\/www.podcastelcarano.com\/\" target=\"_blank\" rel=\"noopener\">www.podcastelcarano.com<\/a><\/p>\t\t\t\t\t\t\t\t<\/div>\n\t\t\t\t<\/div>\n\t\t\t\t<div class=\"elementor-element elementor-element-7a0de962 elementor-widget elementor-widget-text-editor\" data-id=\"7a0de962\" data-element_type=\"widget\" data-widget_type=\"text-editor.default\">\n\t\t\t\t<div class=\"elementor-widget-container\">\n\t\t\t\t\t\t\t\t\t<p>Podcast El Cara\u00f1o is a documentary series that tells the story of the unlikely success of a school in the middle of the lush and stigmatized Caquet\u00e1 jungle in Colombia. In eight chapters narrated by ancestral, young and rural voices, we invite you to discover how sometimes a lot is achieved with very little.<\/p>\t\t\t\t\t\t\t\t<\/div>\n\t\t\t\t<\/div>\n\t\t\t\t<\/div>\n\t\t\t\t<\/div>\n\t\t<div class=\"elementor-element elementor-element-4a2d88c e-con-full e-flex e-con e-child\" data-id=\"4a2d88c\" data-element_type=\"container\">\n\t\t\t\t<div class=\"elementor-element elementor-element-2facb5bf e-grid-align-right elementor-widget__width-auto elementor-shape-rounded elementor-grid-0 elementor-widget elementor-widget-social-icons\" data-id=\"2facb5bf\" data-element_type=\"widget\" data-widget_type=\"social-icons.default\">\n\t\t\t\t<div class=\"elementor-widget-container\">\n\t\t\t\t\t\t\t<div class=\"elementor-social-icons-wrapper elementor-grid\">\n\t\t\t\t\t\t\t<span class=\"elementor-grid-item\">\n\t\t\t\t\t<a class=\"elementor-icon elementor-social-icon elementor-social-icon- elementor-repeater-item-44c0fd8\" href=\"https:\/\/www.podcastelcarano.com\/\" target=\"_blank\">\n\t\t\t\t\t\t<span class=\"elementor-screen-only\"><\/span>\n\t\t\t\t\t\t<svg xmlns=\"http:\/\/www.w3.org\/2000\/svg\" id=\"uuid-b58e5602-e937-4e86-989c-bbf4400ff94a\" viewbox=\"0 0 40.8105 18.7354\"><defs><style>.uuid-a531577f-a104-4534-8907-54b4c4ba433e{stroke-width:0px;}<\/style><\/defs><path class=\"uuid-a531577f-a104-4534-8907-54b4c4ba433e\" d=\"m13.4033,5.6084h1.834l-2.4316,8.6367h-1.7227l-1.043-5.0508-.3047-1.6699-.3047,1.6699-1.043,5.0508h-1.6758l-2.4492-8.6367h1.916l1.1426,4.9453.2461,1.377.252-1.3477.9727-4.9746h1.9043l1.0254,4.9453.2637,1.377.2637-1.3242,1.1543-4.998Z\"><\/path><path class=\"uuid-a531577f-a104-4534-8907-54b4c4ba433e\" d=\"m24.8496,5.6084h1.834l-2.4316,8.6367h-1.7227l-1.043-5.0508-.3047-1.6699-.3047,1.6699-1.043,5.0508h-1.6758l-2.4492-8.6367h1.916l1.1426,4.9453.2461,1.377.252-1.3477.9727-4.9746h1.9043l1.0254,4.9453.2637,1.377.2637-1.3242,1.1543-4.998Z\"><\/path><path class=\"uuid-a531577f-a104-4534-8907-54b4c4ba433e\" d=\"m36.2959,5.6084h1.834l-2.4316,8.6367h-1.7227l-1.043-5.0508-.3047-1.6699-.3047,1.6699-1.043,5.0508h-1.6758l-2.4492-8.6367h1.916l1.1426,4.9453.2461,1.377.252-1.3477.9727-4.9746h1.9043l1.0254,4.9453.2637,1.377.2637-1.3242,1.1543-4.998Z\"><\/path><polygon class=\"uuid-a531577f-a104-4534-8907-54b4c4ba433e\" points=\"40.8105 18.7354 0 18.7354 0 0 32.5718 0 32.5718 1 1 1 1 17.7354 39.8105 17.7354 39.8105 11.542 40.8105 11.542 40.8105 18.7354\"><\/polygon><\/svg>\t\t\t\t\t<\/a>\n\t\t\t\t<\/span>\n\t\t\t\t\t<\/div>\n\t\t\t\t\t\t<\/div>\n\t\t\t\t<\/div>\n\t\t\t\t<div class=\"elementor-element elementor-element-7ca07bd7 e-grid-align-right elementor-widget__width-auto elementor-shape-rounded elementor-grid-0 elementor-widget elementor-widget-social-icons\" data-id=\"7ca07bd7\" data-element_type=\"widget\" data-widget_type=\"social-icons.default\">\n\t\t\t\t<div class=\"elementor-widget-container\">\n\t\t\t\t\t\t\t<div class=\"elementor-social-icons-wrapper elementor-grid\">\n\t\t\t\t\t\t\t<span class=\"elementor-grid-item\">\n\t\t\t\t\t<a class=\"elementor-icon elementor-social-icon elementor-social-icon-spotify elementor-repeater-item-ad473b5\" href=\"https:\/\/open.spotify.com\/show\/6AVNzJFNh74X8Dbq5XT9bp\" target=\"_blank\">\n\t\t\t\t\t\t<span class=\"elementor-screen-only\">Spotify<\/span>\n\t\t\t\t\t\t<i class=\"fab fa-spotify\"><\/i>\t\t\t\t\t<\/a>\n\t\t\t\t<\/span>\n\t\t\t\t\t\t\t<span class=\"elementor-grid-item\">\n\t\t\t\t\t<a class=\"elementor-icon elementor-social-icon elementor-social-icon-soundcloud elementor-repeater-item-ddc12b0\" href=\"https:\/\/soundcloud.com\/user-972865124\" target=\"_blank\">\n\t\t\t\t\t\t<span class=\"elementor-screen-only\">Soundcloud<\/span>\n\t\t\t\t\t\t<i class=\"fab fa-soundcloud\"><\/i>\t\t\t\t\t<\/a>\n\t\t\t\t<\/span>\n\t\t\t\t\t<\/div>\n\t\t\t\t\t\t<\/div>\n\t\t\t\t<\/div>\n\t\t\t\t<\/div>\n\t\t<div class=\"elementor-element elementor-element-6707e064 e-con-full e-flex e-con e-child\" data-id=\"6707e064\" data-element_type=\"container\">\n\t\t\t\t<div class=\"elementor-element elementor-element-3314ea9c elementor-widget elementor-widget-audio\" data-id=\"3314ea9c\" data-element_type=\"widget\" data-widget_type=\"audio.default\">\n\t\t\t\t<div class=\"elementor-widget-container\">\n\t\t\t\t\t\t\t\t<div class=\"elementor-soundcloud-wrapper\">\n\t\t\t\t<iframe width=\"800\" height=\"200\" frameborder=\"no\" src=\"https:\/\/w.soundcloud.com\/player\/?visual=false&#038;url=https%3A%2F%2Fapi.soundcloud.com%2Ftracks%2F1149338722&#038;show_artwork=false&#038;maxheight=1000&#038;maxwidth=800&#038;auto_play=false&#038;buying=false&#038;liking=false&#038;download=false&#038;sharing=false&#038;show_comments=false&#038;show_playcount=false&#038;show_user=false&#038;color\"><\/iframe>\t\t\t<\/div>\n\t\t\t\t\t\t\t<\/div>\n\t\t\t\t<\/div>\n\t\t\t\t<\/div>\n\t\t\t\t\t<\/div>\n\t\t\t\t<\/div>\n\t\t\t\t<\/div>\n\t\t\t\t<\/div>","protected":false},"excerpt":{"rendered":"<p>Podcast EL CARA\u00d1O is the result of a co-creation process between colectiva normal and Agrom\u00e1ticos de la Manigua. It became a reality thanks to a digital-podcast sound production grant from the Colombian Ministry of Culture in 2020. We also had the technical and logistical support of the University of the Amazonia, in Florencia-Caquet\u00e1, with soundscapes [&hellip;]<\/p>","protected":false},"author":1,"featured_media":0,"parent":0,"menu_order":0,"comment_status":"closed","ping_status":"closed","template":"","meta":{"footnotes":""},"class_list":["post-122","page","type-page","status-publish","hentry"],"_links":{"self":[{"href":"https:\/\/colectivanormal.com\/es\/wp-json\/wp\/v2\/pages\/122","targetHints":{"allow":["GET"]}}],"collection":[{"href":"https:\/\/colectivanormal.com\/es\/wp-json\/wp\/v2\/pages"}],"about":[{"href":"https:\/\/colectivanormal.com\/es\/wp-json\/wp\/v2\/types\/page"}],"author":[{"embeddable":true,"href":"https:\/\/colectivanormal.com\/es\/wp-json\/wp\/v2\/users\/1"}],"replies":[{"embeddable":true,"href":"https:\/\/colectivanormal.com\/es\/wp-json\/wp\/v2\/comments?post=122"}],"version-history":[{"count":46,"href":"https:\/\/colectivanormal.com\/es\/wp-json\/wp\/v2\/pages\/122\/revisions"}],"predecessor-version":[{"id":1487,"href":"https:\/\/colectivanormal.com\/es\/wp-json\/wp\/v2\/pages\/122\/revisions\/1487"}],"wp:attachment":[{"href":"https:\/\/colectivanormal.com\/es\/wp-json\/wp\/v2\/media?parent=122"}],"curies":[{"name":"wp","href":"https:\/\/api.w.org\/{rel}","templated":true}]}}